{"id":9,"date":"2010-03-05T19:37:47","date_gmt":"2010-03-05T18:37:47","guid":{"rendered":"http:\/\/dschahli.de\/blog\/?page_id=9"},"modified":"2022-10-19T19:45:19","modified_gmt":"2022-10-19T18:45:19","slug":"repertoire","status":"publish","type":"page","link":"http:\/\/www.dschahli.de\/?page_id=9","title":{"rendered":"Live-Termine"},"content":{"rendered":"<p>Dschahli spielt auch 2022 wieder in verschiedenen Programmen. Die Liste wird kontinuierlich erg\u00e4nzt:<\/p>\n<p><strong>Aktuelle Termine:<\/strong><\/p>\n<ul>\n<li><strong>20. November 2022<\/strong> (Sonntag) um 17 Uhr, <strong>KKK &#8230;was sonst? im Historischen Pfarrhaus Wiesentheid<\/strong>.&nbsp;<span class=\"JsGRdQ\">Zu einer unterhaltsamen aber auch nachdenklichen literarisch-kabarettistischen Soiree erwartet der Pianist und Rezitator <\/span><span class=\"JsGRdQ\">Heinrich Karl, <\/span><span class=\"JsGRdQ\">manchen Zeitgenossen besser bekannt als \u201edschahli\u201c im Historischen Pfarrhaus in Wiesentheid.<\/span><\/li>\n<\/ul>\n<p><strong>Vergangene Termine (Auszug):<\/strong><\/p>\n<ul>\n<li><strong>05. Mai 2019<\/strong> (Sonntag) um 11.00 &#8211; 14.00,<strong> Jazz Brunch &#8211; Main Side Sommergarten<\/strong> in Kitzingen.<br \/>\n&#8222;Riverside Groove&#8220; am wundersch\u00f6nen Mainufer. Auch diesmal wieder mit Johanna Kuhbandner an den Vocals. Im Main Side Sommergarten in Kitzingen bringen die &#8222;Swinging 5&#8220; mit weiblicher stimmlicher Begleitung die Finger mal wieder zum Schnippen. Sonne, leckeres Esse und ein fr\u00e4nkischer Schoppen. Groooovy Baby.<\/li>\n<li><strong>28. September 2018<\/strong> (Freitag) ab 19.30 Uhr:<a href=\"http:\/\/www.dschahli.de\/blog\/wp-content\/uploads\/2010\/03\/Bild_Eibelstadt.png\"><img decoding=\"async\" loading=\"lazy\" class=\" wp-image-137 alignright\" src=\"http:\/\/www.dschahli.de\/blog\/wp-content\/uploads\/2010\/03\/Bild_Eibelstadt-300x209.png\" alt=\"\" width=\"164\" height=\"114\" srcset=\"http:\/\/www.dschahli.de\/blog\/wp-content\/uploads\/2010\/03\/Bild_Eibelstadt-300x209.png 300w, http:\/\/www.dschahli.de\/blog\/wp-content\/uploads\/2010\/03\/Bild_Eibelstadt-768x535.png 768w, http:\/\/www.dschahli.de\/blog\/wp-content\/uploads\/2010\/03\/Bild_Eibelstadt-1024x714.png 1024w, http:\/\/www.dschahli.de\/blog\/wp-content\/uploads\/2010\/03\/Bild_Eibelstadt.png 1353w\" sizes=\"(max-width: 164px) 100vw, 164px\" \/><\/a><strong>Musik &amp; Wein in Eibelstadt am Main<\/strong>.<br \/>\nMusik, Kultur und Kulinarik in einem wundersch\u00f6nen Ambiente. Unter diesem Motto findet vom 26.09.-14.10.2018 die Veranstaltung &#8222;Musik &amp; Wein&#8220; in Eibelstadt am Main statt. Am Freitag, den 28.09.2018 geben auch die Swingin&#8216; Five Ihr Stelldichein und &#8222;jazzen&#8220; was das Zeug h\u00e4lt. Seit diesem Jahr wird die Band durch die Stimme von Johanna Kuhbandner verst\u00e4rkt! Den Herbst bei leckerem Frankenwein und Jazz-Groove vom Feinsten genie\u00dfen. Autumn STARTS!<\/li>\n<\/ul>\n<ul>\n<li><strong>23. Juli 2017<\/strong> (Sonntag) um 13.00 Uhr:<a href=\"http:\/\/www.dschahli.de\/blog\/wp-content\/uploads\/2010\/03\/Sommerfestival_2017.png\"><img decoding=\"async\" loading=\"lazy\" class=\"alignright size-thumbnail wp-image-130\" title=\"Sommerfestival_2017\" src=\"http:\/\/www.dschahli.de\/blog\/wp-content\/uploads\/2010\/03\/Sommerfestival_2017-150x150.png\" alt=\"\" width=\"150\" height=\"150\"><\/a> <strong>Schloss Kirchsch\u00f6nbach &#8222;Sommerfestival&#8220;<\/strong>.<br \/>\nUnter dem Motto &#8222;Kunst trifft Leben&#8220; findet vom 21. &#8211; 23. Juli 2017 das Sommerfestival im Schloss Kirchsch\u00f6nbach statt. Von Konzerten, Lesungen bis hin zu einem wundersch\u00f6nen Schlossmarkt, ist an diesem sommerlichen Wochenende f\u00fcr jeden Geschmack etwas geboten. Als Start-Highlight am Sonntag bietet Dschahli ab 13 Uhr mit seinem kabarettistischen Chansonprogramm &#8222;Kreisler, K\u00e4stner, Karl &#8211; was sonst?&#8220; den Einstieg in einen vollgepackten kulturellen Sonntag. Und das bei freiem Eintritt. Was jetzt noch fehlt ist Ihr Besuch!<\/li>\n<li><strong>25. Mai 2017<\/strong> (Donnerstag) um 11.00 \u2013 14.00, <strong>Jazzfr\u00fchschoppen &#8211; Schloss Hallburg bei Volkach.<\/strong><br \/>\nEs geht wieder hei\u00df her. Zum Gl\u00fcck nur musikalisch \u2013 die Swinging 5 \u201cjazzen\u201d wieder die Hallburg. Die Sonne scheint, es ist Feiertag\u2026 dann auf zu einem der sch\u00f6nsten Flecken Frankens. Begr\u00fcssen Sie den Sommer mit gutem Wein und tollem Jazz. Jazz up your life!<\/li>\n<li><strong>18. November 2016<\/strong> (Freitag), <strong>Bad K\u00f6nigshofen, genauer Veranstaltungsort wird noch bekannt gegeben.<\/strong><br \/>\n&#8222;Kreisler und andere Ka(r)lauer&#8220;. Premiere eines neuen und spannenden Programms im Stile des \u00fcberregional bekannten Programms &#8222;KKK &#8211; Kreisler, K\u00e4stner, Karl&#8220; im Rahmen eines vom BLLV Rh\u00f6n-Grabfeld veranstalteten Events. Der genaue Veranstaltungsort in Bad K\u00f6nigshofen wird noch bekanntgegeben.<\/li>\n<\/ul>\n<ul>\n<li><strong>&gt;ACHTUNG:VERANSTALTUNG AUS ORGANISATORISCHEN GR\u00dcNDEN ABGESAGT&lt;<br \/>\n27. November 2016<\/strong> (Sonntag), <strong>Eschborn<\/strong><br \/>\n&#8222;Schr\u00e4ge Weihnacht reloaded&#8220; &#8211; nach drei Jahren Pause kommt endlich wieder eine Neuauflage der heiteren und satirischen Musikrevue, im Rahmen derer die beiden Interpreten Heinrich Karl und Susanne Lampidis-Pirsch als &#8222;Duo Controverse&#8220; traditionelle Lieder, Chansons, lustige und kritische Gedichte sowie Evergreens aus der amerikanischen Weihnachtsschmiede pr\u00e4sentieren. Merry Christmas mit viel Spa\u00dfpotenzial.<\/li>\n<\/ul>\n<ul>\n<li><strong>22. und 23. April 2016<\/strong> (Freitag und Samstag), <strong>Mainstockheim<\/strong><br \/>\nDie \u201cSwinging 5\u2033 sind wieder am Start. Bei einem Doppelkonzert gemeinsam mit dem Konzertchor &#8222;Chorason&#8220;, der bereits seit 2007 musikalisch t\u00e4tig ist, groovt das regional bekannte Jazz-Ensemble \u201cSwinging 5\u2033 auch 2016 wieder im Frankenland.<br \/>\nAuf zum &#8222;jazzy spring&#8220;.<\/li>\n<\/ul>\n<ul>\n<li><strong>21. August 2016<\/strong> (Sonntag) um 18.30 Uhr, <strong>Literarisches Musikkabarett \u00edn der Scheune von Familie Cieslik, Kirchgasse 5<\/strong> <strong>in Hettstadt.<\/strong><br \/>\n\u201eKleinkunst ganz gro\u00df\u201c betitelt das literarische Musikkabarett in Hettstadt die einzigartige Symbiose aus Kabarett und Literatur von Dschahli. Georg Kreisler, Erich K\u00e4stner und eben Heinrich (Dschahli) Karl vereint in einem au\u00dfergew\u00f6hnlichen, lustigen aber auch zum Nachdenken anregenden Live-Erlebnis.<\/li>\n<\/ul>\n<ul>\n<li><strong>13. Dezember 2015<\/strong> (Sonntag) um 17.00 Uhr, <strong>Villa Merl\u00e4nder (NS-Dokumentationsstelle der Stadt Krefeld)<\/strong> <strong>in Krefeld<\/strong><br \/>\nEin ganz besonderes Highlight! Dschahli pr\u00e4sentiert seine einzigartige Symbiose aus Kabarett und Literatur &#8211; Georg Kreisler, Erich K\u00e4stner und eben Heinrich (Dschahli) Karl vereint&#8230; und das an einem ganz besonderen Ort. Mit St\u00fccken von Georg Kreisler, selbst Jude, der 1938 mit seinen Eltern aus Wien in die USA emigrieren musste, bekommt das Programm &#8222;KKK &#8211; was sonst?&#8220; in der Villa Merl\u00e4nder, als NS-Dokumentationsstelle der Stadt Krefeld, eine ganz neue und geschichtstr\u00e4chtige Bedeutung. Lassen Sie sich diesen besonderen Abend, der fr\u00f6hliche aber auch nachdenkliche Momente f\u00fcr Sie bereit h\u00e4lt nicht entgehen. (Zur Website <a title=\"Website Villa Merl\u00e4nder\" href=\"http:\/\/www.villamerlaender.de\/\" target=\"_blank\" rel=\"noopener\">hier klicken<\/a>)<\/li>\n<\/ul>\n<ul>\n<li><strong>14. Juni 2015<\/strong> (Sonntag) um 11.00 &#8211; 14.00,<strong> Jazz Brunch &#8211; Zur goldenen Gans<\/strong> in Kitzingen.<br \/>\n&#8222;Groove at goose&#8220;. Zum vierten Mal geben sich die &#8222;Swinging 5&#8220; in der goldenen Gans in Kitzingen die Ehre. Am Ufer des Mains, leckere K\u00f6stlichkeiten und ein fr\u00e4nkischer Schoppen. Gan(s)z besondere und goldene musikalische Momente&#8230; great Jazz der &#8222;Swinging 5&#8220;.<\/li>\n<\/ul>\n<ul>\n<li><strong>03. Mai 2015<\/strong> (Sonntag) um 11.00 &#8211; 14.00, <strong>Jazz Matinee-<\/strong> <strong>Schloss Hallburg<\/strong> bei Volkach<br \/>\nFast schon eine Tradition. Die Swinging 5 &#8222;jazzen&#8220; auch im Mai 2015 die Hallburg. Nutzen Sie auch dieses Jahr das erste Mai-Wochenende wozu es gedacht ist&#8230; zum Genie\u00dfen. Fr\u00e4nkische Leckereien, guter Wein und toller Jazz! Mit Stil in den verdienten Wochenausklang.<\/li>\n<li><strong>14. November 2014<\/strong> (Freitag) um 19.30 Uhr <strong>&#8222;KREISLER &#8211; K\u00c4STNER &#8211; KARL&#8220;<\/strong> &#8230;was sonst? Musikkabarett im&nbsp;<strong>Literaturhaus Wipfeld.<\/strong> Zwei DER gro\u00dfen deutschsprachigen K\u00fcnstler unserer Zeit &#8211; ansprechende Werke des Schriftstellers Erich K\u00e4stner gepaart mit Liedern des \u00f6sterreichischen Komponisten, S\u00e4ngers und Dichters Georg Kreisler, der mit seinem&nbsp;schwarzen, tiefsinnigen und poetischen Humor und Sprachwitz so manche Schamesr\u00f6te in die Gesichter seiner Zuh\u00f6rer trieb. Das alles vereint und neu interpretiert durch das dritte &#8222;K&#8220; im Bunde &#8211; <strong>Heinrich Karl<\/strong>. Was sonst soll man an einem Freitag Abend machen? (Zur Website <a title=\"Website Literaturhaus Wipfeld\" href=\"http:\/\/www.literaturhaus-wipfeld.de\/Kreisler-Kaestner-Karl-was-sonst_Veranstaltungendetail_60183_kkdetail_view_verans.html\" target=\"_blank\" rel=\"noopener\">hier klicken<\/a>)<\/li>\n<\/ul>\n<ul>\n<li><strong>01. Juni 2014<\/strong> (Sonntag) um 11.00 &#8211; 14.00,<strong> Jazz Brunch &#8211; Zur goldenen Gans<\/strong> in Kitzingen.<br \/>\nBereits zum dritten Mal grooven sich die &#8222;Swinging 5&#8220; in der goldenen Gans in Kitzingen ein. Der Main zu Ihren wippenden F\u00fc\u00dfen, leckere K\u00f6stlichkeiten und ein Schoppen fr\u00e4nkischer Wein. Das perfekte Ambiente f\u00fcr Jazz der Extra-Klasse.<\/li>\n<\/ul>\n<ul>\n<li><strong>04. Mai 2014<\/strong> (Sonntag) um 11.00 &#8211; 14.00, <strong>Jazz Brunch &#8211;<\/strong> <strong>Schloss Hallburg<\/strong> bei Volkach<br \/>\nDie Swinging 5 &#8222;jazzen&#8220; die Hallburg. Nutzen Sie das Wochenende wozu es gedacht ist&#8230; zum Genie\u00dfen. Fr\u00e4nkische Leckereien, guter Wein und toller Jazz! Stilvoller l\u00e4sst sich die Woche nicht abrunden.<\/li>\n<\/ul>\n<ul>\n<li><strong>20. M\u00e4rz 2013<\/strong> (Mittwoch) um 19.30 Uhr: &#8222;KREISLER &#8211; K\u00c4STNER &#8211; KARL&#8220; Musikkabarett in der&nbsp;<strong>Gemeindebibliothek Bergrheinfeld<\/strong>.<br \/>\n(Zum Veranstaltungsort&nbsp;<a title=\"Website Gemeindebibliothek Bergrheinfeld\" href=\"http:\/\/www.bergrheinfeld.de\/Gemeindebibliothek_Gemeindebibliothek_91_kkmenue.html\" target=\"_blank\" rel=\"noopener\">hier klicken<\/a>)<\/li>\n<\/ul>\n<ul>\n<li><strong>08. Februar 2014<\/strong> (Samstag) um 19.00 &#8211; 22.00:<br \/>\n<strong> &#8222;KREISLER &#8211; K\u00c4STNER &#8211; KARL&#8220; <\/strong>&#8230;was sonst?<br \/>\nMusikabarett im&nbsp;<strong>&#8222;Weinkeller am Schloss&#8220;<\/strong> -R\u00fcdenhausen<br \/>\nF\u00fcr alle, die mit den Namen nichts anfangen k\u00f6nnen: Georg Kreisler, ein klavierspielender Kabarettist mit \u00f6sterreichischen Wurzeln, Erich K\u00e4stner, \u00fcberwiegend als Kinderbuchautor bekannt und Heinrich Karl, S\u00e4nger, Pianist und Rezitator, der Mann, dem es mit K\u00f6nnen und Charme gelingt, die \u201eGemeinsamkeiten\u201c Kreislers und K\u00e4stners lebendig werden zu lassen. Freuen Sie sich auf einen heiter bis nachdenklichen Abend mit viel schwarzem Humor. Erleben Sie Kabarett vom Feinsten.<\/li>\n<\/ul>\n<ul>\n<li><strong>25. Januar 2013<\/strong> (Freitag) um 19.00 Uhr:<br \/>\n&#8222;KREISLER UND ANDERE KARLAUER&#8220; beim&nbsp;Ehrungsabend des BLLV, <strong>Kreisverband Aschaffenburg-Land<\/strong>.<\/li>\n<\/ul>\n<ul>\n<li><strong>16. September 2012<\/strong> (Sonntag) um 15.00 Uhr in <strong>Dettelbach<\/strong>:<br \/>\nEr\u00f6ffnungsfeier des <strong>Dettelbacher B\u00fcrger- und Kunstparks<\/strong> an der Mainl\u00e4nde.<\/li>\n<\/ul>\n<ul>\n<li><strong>20. Juni 2012<\/strong> (Mittwoch) um 20.00 Uhr:<a href=\"http:\/\/www.dschahli.de\/blog\/wp-content\/uploads\/2010\/03\/swinging5.liebald.2006121.jpg\"><img decoding=\"async\" loading=\"lazy\" class=\"alignright size-medium wp-image-80\" title=\"swinging5.liebald.200612\" src=\"http:\/\/www.dschahli.de\/blog\/wp-content\/uploads\/2010\/03\/swinging5.liebald.2006121-213x300.jpg\" alt=\"\" width=\"213\" height=\"300\" srcset=\"http:\/\/www.dschahli.de\/blog\/wp-content\/uploads\/2010\/03\/swinging5.liebald.2006121-213x300.jpg 213w, http:\/\/www.dschahli.de\/blog\/wp-content\/uploads\/2010\/03\/swinging5.liebald.2006121-729x1024.jpg 729w, http:\/\/www.dschahli.de\/blog\/wp-content\/uploads\/2010\/03\/swinging5.liebald.2006121.jpg 1000w\" sizes=\"(max-width: 213px) 100vw, 213px\" \/><\/a><br \/>\nDie &#8222;<strong>Swinging 5<\/strong>&#8220; swingen eine <strong>Serenade auf der<\/strong><br \/>\n<strong> Piazza<\/strong> in <strong>Wiesentheid<\/strong>.<br \/>\nEine Hand voll Pauker spielen in Wiesentheid. &#8222;Swinging 5&#8220;, die Jazzcombo von gleich um die Ecke, mit Musikern aus Kitzingen, Dettelbach, Astheim, Wiesentheid und W\u00fcrzburg.<br \/>\nMehr Infos unter dem nebenstehenden Flyer.<\/li>\n<\/ul>\n<ul>\n<li><strong>16. Mai 2012<\/strong> (Mittwoch) um 19.30 Uhr: Rotary Club Gerolzhofen &#8211; Volkach R\u00fcstkammer des Alten Rathauses.<br \/>\nDschahli bietet in seinem zweist\u00fcndigen Programm Lieder von Georg Kreisler und Gedichte von Erich K\u00e4stner verbunden mit kurzweiligen und am\u00fcsanten biographischen Details.<br \/>\n(Zum Veranstaltungsort <a title=\"Website Rotary Club Gerolzhofen-Volkach\" href=\"http:\/\/www.rotary-gerolzhofen-volkach.de\/\" target=\"_blank\" rel=\"noopener\">hier klicken<\/a>)<\/li>\n<\/ul>\n","protected":false},"excerpt":{"rendered":"<p>Dschahli spielt auch 2022 wieder in verschiedenen Programmen. Die Liste wird kontinuierlich erg\u00e4nzt: Aktuelle Termine: 20. November 2022 (Sonntag) um 17 Uhr, KKK &#8230;was sonst? im Historischen Pfarrhaus Wiesentheid.&nbsp;Zu einer unterhaltsamen aber auch nachdenklichen literarisch-kabarettistischen Soiree erwartet der Pianist und Rezitator Heinrich Karl, manchen Zeitgenossen besser bekannt als \u201edschahli\u201c im Historischen Pfarrhaus in Wiesentheid. Vergangene&hellip; <br \/> <a class=\"button small blue\" href=\"http:\/\/www.dschahli.de\/?page_id=9\">Weiterlesen<\/a><\/p>\n","protected":false},"author":1,"featured_media":0,"parent":0,"menu_order":0,"comment_status":"closed","ping_status":"open","template":"","meta":[],"_links":{"self":[{"href":"http:\/\/www.dschahli.de\/index.php?rest_route=\/wp\/v2\/pages\/9"}],"collection":[{"href":"http:\/\/www.dschahli.de\/index.php?rest_route=\/wp\/v2\/pages"}],"about":[{"href":"http:\/\/www.dschahli.de\/index.php?rest_route=\/wp\/v2\/types\/page"}],"author":[{"embeddable":true,"href":"http:\/\/www.dschahli.de\/index.php?rest_route=\/wp\/v2\/users\/1"}],"replies":[{"embeddable":true,"href":"http:\/\/www.dschahli.de\/index.php?rest_route=%2Fwp%2Fv2%2Fcomments&post=9"}],"version-history":[{"count":36,"href":"http:\/\/www.dschahli.de\/index.php?rest_route=\/wp\/v2\/pages\/9\/revisions"}],"predecessor-version":[{"id":250,"href":"http:\/\/www.dschahli.de\/index.php?rest_route=\/wp\/v2\/pages\/9\/revisions\/250"}],"wp:attachment":[{"href":"http:\/\/www.dschahli.de\/index.php?rest_route=%2Fwp%2Fv2%2Fmedia&parent=9"}],"curies":[{"name":"wp","href":"https:\/\/api.w.org\/{rel}","templated":true}]}}