{"id":8,"date":"2010-03-05T19:36:44","date_gmt":"2010-03-05T18:36:44","guid":{"rendered":"http:\/\/dschahli.de\/blog\/?page_id=8"},"modified":"2022-10-19T19:55:12","modified_gmt":"2022-10-19T18:55:12","slug":"vita","status":"publish","type":"page","link":"http:\/\/www.dschahli.de\/?page_id=8","title":{"rendered":"Vita"},"content":{"rendered":"<p><strong>Heinrich K a r l<\/strong>, vielen Zeitgenossen besser bekannt als der \u201e<strong>dschahli<\/strong>\u201c, Mittelschullehrer mit Schwerpunkt Musik in Gerolzhofen, als Musikfachlehrer langj\u00e4hrig an verschiedenen Schulen und Schularten (WS\/Gymn) t\u00e4tig, Studium am Mozarteum Salzburg (Abteilung 11, Orff-Institut) 1995 \u20131997 mit Abschluss als akademisch gepr\u00fcfter Musik- und Bewegungserzieher.<\/p>\n<p>Fachberater Musik im Schulamtsbezirk Kitzingen von 1998 bis 2007, Referent und Organisator von Kursen in der Musikfortbildung lokal und bayern\/bundesweit (u.a. f\u00fcr den BLLV, f\u00fcr den AfS, f\u00fcr die Orff-Schulwerkgesellschaft und in Kooperation mit der Uni W\u00fcrzburg).<\/p>\n<p>Vokalbassist und Pianist im bayerischen Lehrerchor \u201eA Capella Bavarese\u201c mit teilweise solistischen Aufgaben bis 2004, Leiter des Vokalensembles \u201es\u2019Lehrerch\u00f6rle\u201c im Schulamtsbezirk Kitzingen (das es leider nicht mehr gibt).<\/p>\n<p>Leiter des Gospelchores \u201eGet on Board\u201c von 2005 bis 2006, Pianist im Instrumentalduo \u201eSaxs mit Piano\u201c,\u00a0 Pianist in der Jazz-Combo \u201eSwinging5\u201c, Soloprogramme mit Georg Kreisler Chansons \u201eKreisler und andere Ka(r)lauer\u201c und\u00a0 \u201eKreisler, K\u00e4stner, Karl \u2013 was sonst?\u201c, Pianist und S\u00e4nger im \u201eDuo Controverse\u201c mit Susanne Lampidis-Pirsch.<\/p>\n\n\n<figure class=\"wp-block-image size-large\"><a href=\"http:\/\/www.dschahli.de\/blog\/wp-content\/uploads\/2022\/10\/vernissage-dettelbach.091009-051-scaled.jpg\"><img decoding=\"async\" loading=\"lazy\" width=\"1024\" height=\"683\" src=\"http:\/\/www.dschahli.de\/blog\/wp-content\/uploads\/2022\/10\/vernissage-dettelbach.091009-051-1024x683.jpg\" alt=\"\" class=\"wp-image-210\" srcset=\"http:\/\/www.dschahli.de\/blog\/wp-content\/uploads\/2022\/10\/vernissage-dettelbach.091009-051-1024x683.jpg 1024w, http:\/\/www.dschahli.de\/blog\/wp-content\/uploads\/2022\/10\/vernissage-dettelbach.091009-051-300x200.jpg 300w, http:\/\/www.dschahli.de\/blog\/wp-content\/uploads\/2022\/10\/vernissage-dettelbach.091009-051-768x512.jpg 768w, http:\/\/www.dschahli.de\/blog\/wp-content\/uploads\/2022\/10\/vernissage-dettelbach.091009-051-1536x1024.jpg 1536w, http:\/\/www.dschahli.de\/blog\/wp-content\/uploads\/2022\/10\/vernissage-dettelbach.091009-051-2048x1365.jpg 2048w, http:\/\/www.dschahli.de\/blog\/wp-content\/uploads\/2022\/10\/vernissage-dettelbach.091009-051-1620x1080.jpg 1620w\" sizes=\"(max-width: 1024px) 100vw, 1024px\" \/><\/a><\/figure>\n","protected":false},"excerpt":{"rendered":"<p>Heinrich K a r l, vielen Zeitgenossen besser bekannt als der \u201edschahli\u201c, Mittelschullehrer mit Schwerpunkt Musik in Gerolzhofen, als Musikfachlehrer langj\u00e4hrig an verschiedenen Schulen und Schularten (WS\/Gymn) t\u00e4tig, Studium am Mozarteum Salzburg (Abteilung 11, Orff-Institut) 1995 \u20131997 mit Abschluss als akademisch gepr\u00fcfter Musik- und Bewegungserzieher. Fachberater Musik im Schulamtsbezirk Kitzingen von 1998 bis 2007, Referent&hellip; <br \/> <a class=\"button small blue\" href=\"http:\/\/www.dschahli.de\/?page_id=8\">Weiterlesen<\/a><\/p>\n","protected":false},"author":1,"featured_media":0,"parent":0,"menu_order":0,"comment_status":"closed","ping_status":"open","template":"","meta":[],"_links":{"self":[{"href":"http:\/\/www.dschahli.de\/index.php?rest_route=\/wp\/v2\/pages\/8"}],"collection":[{"href":"http:\/\/www.dschahli.de\/index.php?rest_route=\/wp\/v2\/pages"}],"about":[{"href":"http:\/\/www.dschahli.de\/index.php?rest_route=\/wp\/v2\/types\/page"}],"author":[{"embeddable":true,"href":"http:\/\/www.dschahli.de\/index.php?rest_route=\/wp\/v2\/users\/1"}],"replies":[{"embeddable":true,"href":"http:\/\/www.dschahli.de\/index.php?rest_route=%2Fwp%2Fv2%2Fcomments&post=8"}],"version-history":[{"count":9,"href":"http:\/\/www.dschahli.de\/index.php?rest_route=\/wp\/v2\/pages\/8\/revisions"}],"predecessor-version":[{"id":284,"href":"http:\/\/www.dschahli.de\/index.php?rest_route=\/wp\/v2\/pages\/8\/revisions\/284"}],"wp:attachment":[{"href":"http:\/\/www.dschahli.de\/index.php?rest_route=%2Fwp%2Fv2%2Fmedia&parent=8"}],"curies":[{"name":"wp","href":"https:\/\/api.w.org\/{rel}","templated":true}]}}